{"id":3,"date":"2026-02-23T15:38:21","date_gmt":"2026-02-23T14:38:21","guid":{"rendered":"https:\/\/blossom-hair-winf.gbsl.website\/?page_id=3"},"modified":"2026-03-17T07:51:42","modified_gmt":"2026-03-17T06:51:42","slug":"datenschutzerklaerung","status":"publish","type":"page","link":"https:\/\/blossom-hair-winf.gbsl.website\/index.php\/datenschutzerklaerung\/","title":{"rendered":"Datenschutzerkl\u00e4rung"},"content":{"rendered":"\n<h3 class=\"wp-block-heading\">Kommentare<\/h3>\n\n\n\n<blockquote class=\"wp-block-quote is-layout-flow wp-block-quote-is-layout-flow\">\n<p>Wenn Besucher Kommentare auf der Website schreiben, werden die Daten aus dem Kommentarformular gespeichert. Zus\u00e4tzlich werden die IP-Adresse und der Browser (User-Agent) erfasst, um Spam zu erkennen.<\/p>\n<\/blockquote>\n\n\n\n<blockquote class=\"wp-block-quote is-layout-flow wp-block-quote-is-layout-flow\">\n<p>Aus der E-Mail-Adresse kann eine anonymisierte Zeichenfolge (Hash) erstellt und an den Dienst Gravatar \u00fcbermittelt werden, falls dieser genutzt wird. Nach Freigabe eines Kommentars ist das Profilbild \u00f6ffentlich sichtbar.<\/p>\n<\/blockquote>\n\n\n\n<h3 class=\"wp-block-heading\">Medien<\/h3>\n\n\n\n<blockquote class=\"wp-block-quote is-layout-flow wp-block-quote-is-layout-flow\">\n<p>Wenn Sie Bilder auf diese Website hochladen, sollten Sie vermeiden, Fotos mit Standortdaten (EXIF-GPS) hochzuladen. Andere Besucher k\u00f6nnten diese Informationen auslesen.<\/p>\n<\/blockquote>\n\n\n\n<h3 class=\"wp-block-heading\">Cookie<\/h3>\n\n\n\n<blockquote class=\"wp-block-quote is-layout-flow wp-block-quote-is-layout-flow\">\n<p>Wenn Sie einen Kommentar schreiben, k\u00f6nnen Name, E-Mail-Adresse und Website in Cookies gespeichert werden. Dies dient nur dem Komfort, damit Sie diese Daten nicht erneut eingeben m\u00fcssen. Diese Cookies werden ein Jahr lang gespeichert.<\/p>\n<\/blockquote>\n\n\n\n<h3 class=\"wp-block-heading\">KI<\/h3>\n\n\n\n<p>Diese Seite enth\u00e4lt KI-generierte Inhalte. Alle KI-generierten Inhalte wurden von [Name] erstellt und \u00fcberpr\u00fcft.<\/p>\n\n\n\n<blockquote class=\"wp-block-quote is-layout-flow wp-block-quote-is-layout-flow\">\n<p>Wenn Besucher Kommentare auf der Website schreiben, werden die Daten aus dem Kommentarformular gespeichert. Zus\u00e4tzlich werden die IP-Adresse und der Browser (User-Agent) erfasst, um Spam zu erkennen.<\/p>\n<\/blockquote>\n\n\n\n<blockquote class=\"wp-block-quote is-layout-flow wp-block-quote-is-layout-flow\">\n<p>Aus der E-Mail-Adresse kann eine anonymisierte Zeichenfolge (Hash) erstellt und an den Dienst Gravatar \u00fcbermittelt werden, falls dieser genutzt wird. Nach Freigabe eines Kommentars ist das Profilbild \u00f6ffentlich sichtbar.<\/p>\n<\/blockquote>\n\n\n\n<h3 class=\"wp-block-heading\">Eingebettete Inhalte<\/h3>\n\n\n\n<blockquote class=\"wp-block-quote is-layout-flow wp-block-quote-is-layout-flow\">\n<p>Inhalte auf dieser Website k\u00f6nnen von anderen Websites eingebettet sein (z. B. Bilder oder Videos). Diese verhalten sich so, als ob Sie die andere Website direkt besucht h\u00e4tten.<\/p>\n<\/blockquote>\n\n\n\n<h3 class=\"wp-block-heading\">Weitergabe von Daten<\/h3>\n\n\n\n<blockquote class=\"wp-block-quote is-layout-flow wp-block-quote-is-layout-flow\">\n<p>Da es sich um ein Schulprojekt handelt, werden keine personenbezogenen Daten aktiv an Dritte weitergegeben.<\/p>\n<\/blockquote>\n\n\n\n<h3 class=\"wp-block-heading\">Speicherdauer<\/h3>\n\n\n\n<blockquote class=\"wp-block-quote is-layout-flow wp-block-quote-is-layout-flow\">\n<p>Kommentare und deren Metadaten werden zeitlich unbegrenzt gespeichert, damit Folgekommentare automatisch erkannt werden k\u00f6nnen.<\/p>\n<\/blockquote>\n\n\n\n<blockquote class=\"wp-block-quote is-layout-flow wp-block-quote-is-layout-flow\">\n<p>Registrierte Benutzer (falls vorhanden) k\u00f6nnen ihre pers\u00f6nlichen Daten jederzeit einsehen, \u00e4ndern oder l\u00f6schen.<\/p>\n<\/blockquote>\n\n\n\n<h3 class=\"wp-block-heading\">Ihre Rechte<\/h3>\n\n\n\n<blockquote class=\"wp-block-quote is-layout-flow wp-block-quote-is-layout-flow\">\n<p>Sie haben das Recht, Auskunft \u00fcber Ihre gespeicherten Daten zu erhalten sowie die Berichtigung oder L\u00f6schung dieser Daten zu verlangen.<\/p>\n<\/blockquote>\n\n\n\n<h3 class=\"wp-block-heading\">Wohin Ihre Daten gesendet werden<\/h3>\n\n\n\n<p>Kommentare k\u00f6nnten durch einen automatisierten Dienst zur Spam-Erkennung \u00fcberpr\u00fcft werden.<\/p>\n","protected":false},"excerpt":{"rendered":"<p>Kommentare Wenn Besucher Kommentare auf der Website schreiben, werden die Daten aus dem Kommentarformular gespeichert. Zus\u00e4tzlich werden die IP-Adresse und der Browser (User-Agent) erfasst, um Spam zu erkennen. Aus der E-Mail-Adresse kann eine anonymisierte Zeichenfolge (Hash) erstellt und an den Dienst Gravatar \u00fcbermittelt werden, falls dieser genutzt wird. Nach Freigabe eines Kommentars ist das Profilbild<\/p>\n<div class=\"more-link\">\n             <a href=\"https:\/\/blossom-hair-winf.gbsl.website\/index.php\/datenschutzerklaerung\/\" class=\"link-btn\"><span>Weiterlesen <\/span><i class=\"icofont-thin-double-right\"><\/i><\/a>\n        <\/div>\n","protected":false},"author":1,"featured_media":0,"parent":0,"menu_order":0,"comment_status":"closed","ping_status":"open","template":"","meta":{"footnotes":""},"class_list":["post-3","page","type-page","status-publish","hentry"],"_links":{"self":[{"href":"https:\/\/blossom-hair-winf.gbsl.website\/index.php\/wp-json\/wp\/v2\/pages\/3","targetHints":{"allow":["GET"]}}],"collection":[{"href":"https:\/\/blossom-hair-winf.gbsl.website\/index.php\/wp-json\/wp\/v2\/pages"}],"about":[{"href":"https:\/\/blossom-hair-winf.gbsl.website\/index.php\/wp-json\/wp\/v2\/types\/page"}],"author":[{"embeddable":true,"href":"https:\/\/blossom-hair-winf.gbsl.website\/index.php\/wp-json\/wp\/v2\/users\/1"}],"replies":[{"embeddable":true,"href":"https:\/\/blossom-hair-winf.gbsl.website\/index.php\/wp-json\/wp\/v2\/comments?post=3"}],"version-history":[{"count":1,"href":"https:\/\/blossom-hair-winf.gbsl.website\/index.php\/wp-json\/wp\/v2\/pages\/3\/revisions"}],"predecessor-version":[{"id":60,"href":"https:\/\/blossom-hair-winf.gbsl.website\/index.php\/wp-json\/wp\/v2\/pages\/3\/revisions\/60"}],"wp:attachment":[{"href":"https:\/\/blossom-hair-winf.gbsl.website\/index.php\/wp-json\/wp\/v2\/media?parent=3"}],"curies":[{"name":"wp","href":"https:\/\/api.w.org\/{rel}","templated":true}]}}