{"id":31,"date":"2026-03-03T07:58:11","date_gmt":"2026-03-03T06:58:11","guid":{"rendered":"https:\/\/blossom-hair-winf.gbsl.website\/?page_id=31"},"modified":"2026-03-03T08:09:27","modified_gmt":"2026-03-03T07:09:27","slug":"unser-haar-oel","status":"publish","type":"page","link":"https:\/\/blossom-hair-winf.gbsl.website\/index.php\/unser-haar-oel\/","title":{"rendered":"Unser Haar \u00d6l"},"content":{"rendered":"\n<p>\u2728 <strong>Blossom Hair \u2013 F\u00fcr Haare, die deine St\u00e4rke widerspiegeln<\/strong> \u2728<\/p>\n\n\n\n<p>Frauen tragen so viel in sich: Kraft, Eleganz, Selbstbewusstsein und Nat\u00fcrlichkeit. Genau daf\u00fcr wurde <strong><em>Blossom Hair<\/em><\/strong> entwickelt. Wir m\u00f6chten, dass sich alle Frauen, auch mit feinem oder wenig Haar, stark, sch\u00f6n und selbstbewusst f\u00fchlen k\u00f6nnen. Denn das Volumen und die St\u00e4rke deines Haares k\u00f6nnen dein Selbstbewusstsein positiv unterstreichen. <\/p>\n\n\n\n<p>Unser Haar\u00f6l ist mehr als nur Pflege. Es wurde speziell f\u00fcr Frauen kreiert, die ihrem Haar und ihrer Kopfhaut intensive Feuchtigkeit, nat\u00fcrlichen Glanz und neue Lebendigkeit schenken m\u00f6chten, ohne sie zu beschweren. Mit unseren verschiedenen Haar\u00f6len kannst du gezielt unterschiedliche Ergebnisse erzielen. Bei regelm\u00e4\u00dfiger, w\u00f6chentlicher Anwendung unterst\u00fctzt du sichtbar ges\u00fcnder wirkendes, kr\u00e4ftigeres, l\u00e4ngeres und volleres Haar.<\/p>\n\n\n\n<p>\ud83c\udf38 Tiefenpflege f\u00fcr trockenes und strapaziertes Haar<br>\ud83c\udf38 Nat\u00fcrlich gesunder Glanz<br>\ud83c\udf38 Geschmeidigkeit und mehr F\u00fclle<\/p>\n\n\n\n<p>Wir haben Blossom Hair entwickelt, weil jede Frau es verdient, sich sch\u00f6n und stark zu f\u00fchlen \u2013 von der Wurzel bis in die Spitzen.<\/p>\n\n\n\n<p>Dein Haar ist deine Krone. Lass es strahlen. \u2728<br>#BlossomHair #Haarpflege #GlowUp<\/p>\n","protected":false},"excerpt":{"rendered":"<p>\u2728 Blossom Hair \u2013 F\u00fcr Haare, die deine St\u00e4rke widerspiegeln \u2728 Frauen tragen so viel in sich: Kraft, Eleganz, Selbstbewusstsein und Nat\u00fcrlichkeit. Genau daf\u00fcr wurde Blossom Hair entwickelt. Wir m\u00f6chten, dass sich alle Frauen, auch mit feinem oder wenig Haar, stark, sch\u00f6n und selbstbewusst f\u00fchlen k\u00f6nnen. Denn das Volumen und die St\u00e4rke deines Haares k\u00f6nnen<\/p>\n<div class=\"more-link\">\n             <a href=\"https:\/\/blossom-hair-winf.gbsl.website\/index.php\/unser-haar-oel\/\" class=\"link-btn\"><span>Weiterlesen <\/span><i class=\"icofont-thin-double-right\"><\/i><\/a>\n        <\/div>\n","protected":false},"author":1,"featured_media":0,"parent":0,"menu_order":0,"comment_status":"closed","ping_status":"closed","template":"","meta":{"footnotes":""},"class_list":["post-31","page","type-page","status-publish","hentry"],"_links":{"self":[{"href":"https:\/\/blossom-hair-winf.gbsl.website\/index.php\/wp-json\/wp\/v2\/pages\/31","targetHints":{"allow":["GET"]}}],"collection":[{"href":"https:\/\/blossom-hair-winf.gbsl.website\/index.php\/wp-json\/wp\/v2\/pages"}],"about":[{"href":"https:\/\/blossom-hair-winf.gbsl.website\/index.php\/wp-json\/wp\/v2\/types\/page"}],"author":[{"embeddable":true,"href":"https:\/\/blossom-hair-winf.gbsl.website\/index.php\/wp-json\/wp\/v2\/users\/1"}],"replies":[{"embeddable":true,"href":"https:\/\/blossom-hair-winf.gbsl.website\/index.php\/wp-json\/wp\/v2\/comments?post=31"}],"version-history":[{"count":2,"href":"https:\/\/blossom-hair-winf.gbsl.website\/index.php\/wp-json\/wp\/v2\/pages\/31\/revisions"}],"predecessor-version":[{"id":46,"href":"https:\/\/blossom-hair-winf.gbsl.website\/index.php\/wp-json\/wp\/v2\/pages\/31\/revisions\/46"}],"wp:attachment":[{"href":"https:\/\/blossom-hair-winf.gbsl.website\/index.php\/wp-json\/wp\/v2\/media?parent=31"}],"curies":[{"name":"wp","href":"https:\/\/api.w.org\/{rel}","templated":true}]}}