{"id":56,"date":"2026-03-17T07:58:01","date_gmt":"2026-03-17T06:58:01","guid":{"rendered":"https:\/\/blossom-hair-winf.gbsl.website\/?page_id=56"},"modified":"2026-03-17T07:58:01","modified_gmt":"2026-03-17T06:58:01","slug":"ueber-uns","status":"publish","type":"page","link":"https:\/\/blossom-hair-winf.gbsl.website\/","title":{"rendered":"\u00dcber uns"},"content":{"rendered":"\n<p>Wir sind Blossom Hair, ein Anbieter von Haarpflegeprodukten mit Fokus auf nat\u00fcrliche Haar\u00f6le. <br>Wir sind ein Schulprojekt und besch\u00e4ftigen uns mit der Entwicklung und Pr\u00e4sentation Haar\u00f6len.<br>Diese Website dient ausschliesslich zu Demonstrations- und Lernzwecken.<br>Es werden keine echten Produkte verkauft und keine kommerziellen Dienstleistungen angeboten.<\/p>\n\n\n\n<p>Unsere Website-Adresse ist: <a href=\"https:\/\/blossom-hair-winf.gbsl.website\">https:\/\/blossom-hair-winf.gbsl.website<\/a><br>Kontakt: info@blossomhair.ch<br><\/p>\n\n\n\n<p><\/p>\n","protected":false},"excerpt":{"rendered":"<p>Wir sind Blossom Hair, ein Anbieter von Haarpflegeprodukten mit Fokus auf nat\u00fcrliche Haar\u00f6le. Wir sind ein Schulprojekt und besch\u00e4ftigen uns mit der Entwicklung und Pr\u00e4sentation Haar\u00f6len.Diese Website dient ausschliesslich zu Demonstrations- und Lernzwecken.Es werden keine echten Produkte verkauft und keine kommerziellen Dienstleistungen angeboten. Unsere Website-Adresse ist: https:\/\/blossom-hair-winf.gbsl.websiteKontakt: info@blossomhair.ch<\/p>\n","protected":false},"author":1,"featured_media":0,"parent":0,"menu_order":0,"comment_status":"closed","ping_status":"closed","template":"","meta":{"footnotes":""},"class_list":["post-56","page","type-page","status-publish","hentry"],"_links":{"self":[{"href":"https:\/\/blossom-hair-winf.gbsl.website\/index.php\/wp-json\/wp\/v2\/pages\/56","targetHints":{"allow":["GET"]}}],"collection":[{"href":"https:\/\/blossom-hair-winf.gbsl.website\/index.php\/wp-json\/wp\/v2\/pages"}],"about":[{"href":"https:\/\/blossom-hair-winf.gbsl.website\/index.php\/wp-json\/wp\/v2\/types\/page"}],"author":[{"embeddable":true,"href":"https:\/\/blossom-hair-winf.gbsl.website\/index.php\/wp-json\/wp\/v2\/users\/1"}],"replies":[{"embeddable":true,"href":"https:\/\/blossom-hair-winf.gbsl.website\/index.php\/wp-json\/wp\/v2\/comments?post=56"}],"version-history":[{"count":1,"href":"https:\/\/blossom-hair-winf.gbsl.website\/index.php\/wp-json\/wp\/v2\/pages\/56\/revisions"}],"predecessor-version":[{"id":61,"href":"https:\/\/blossom-hair-winf.gbsl.website\/index.php\/wp-json\/wp\/v2\/pages\/56\/revisions\/61"}],"wp:attachment":[{"href":"https:\/\/blossom-hair-winf.gbsl.website\/index.php\/wp-json\/wp\/v2\/media?parent=56"}],"curies":[{"name":"wp","href":"https:\/\/api.w.org\/{rel}","templated":true}]}}